{"id":147,"date":"2020-12-17T19:40:08","date_gmt":"2020-12-17T19:40:08","guid":{"rendered":"https:\/\/luminico.org\/?page_id=147"},"modified":"2023-03-14T03:40:41","modified_gmt":"2023-03-14T03:40:41","slug":"147-2","status":"publish","type":"page","link":"https:\/\/luminico.org\/en\/147-2\/","title":{"rendered":"Proyecto"},"content":{"rendered":"<p>[et_pb_section fb_built=&#8221;1&#8243; fullwidth=&#8221;on&#8221; _builder_version=&#8221;4.17.3&#8243; _module_preset=&#8221;default&#8221; background_image=&#8221;https:\/\/luminico.org\/wp-content\/uploads\/2021\/09\/gguana_20130322_-FIMUSAQ_Luminico_Onix_H-San-Lazaro_22-scaled.jpg&#8221; parallax=&#8221;on&#8221; background_blend=&#8221;soft-light&#8221; custom_margin=&#8221;||||false|false&#8221; global_colors_info=&#8221;{}&#8221;][et_pb_fullwidth_header title=&#8221;El proyecto&#8221; header_fullscreen=&#8221;on&#8221; content_max_width=&#8221;43%&#8221; content_max_width_tablet=&#8221;&#8221; content_max_width_phone=&#8221;100%&#8221; content_max_width_last_edited=&#8221;on|phone&#8221; _builder_version=&#8221;4.17.4&#8243; _module_preset=&#8221;default&#8221; title_font=&#8221;|800||on|||||&#8221; title_font_size=&#8221;47px&#8221; content_font=&#8221;|600|||||||&#8221; subhead_font=&#8221;|600|||||||&#8221; subhead_font_size=&#8221;17px&#8221; subhead_line_height=&#8221;3em&#8221; background_color=&#8221;RGBA(0,0,0,0)&#8221; background_enable_image=&#8221;off&#8221; parallax=&#8221;on&#8221; parallax_method=&#8221;on&#8221; background_enable_video_mp4=&#8221;off&#8221; background_video_pause_outside_viewport=&#8221;off&#8221; custom_margin=&#8221;||||false|false&#8221; custom_padding=&#8221;0px||||false|false&#8221; content_text_align_tablet=&#8221;&#8221; content_text_align_phone=&#8221;center&#8221; content_text_align_last_edited=&#8221;on|phone&#8221; title_text_shadow_style=&#8221;preset1&#8243; global_colors_info=&#8221;{}&#8221;]<\/p>\n<p style=\"text-align: justify;\">Lum\u00ednico plantea una nueva forma de escuchar y presentar la m\u00fasica cl\u00e1sica contempor\u00e1nea. Se trata de conciertos visuales, obras vinculadas a la imagen a trav\u00e9s de un viaje sonoro sin interrupciones, modificando radicalmente el formato tradicional de la m\u00fasica de concierto, en donde las obras son presentadas sin ninguna separaci\u00f3n, sin pausas, sin aplausos entre ellas. En este sentido el proyecto plantea una forma alternativa, un nuevo ritual, un modelo m\u00e1s cercano al cine, a una banda sonora que no se detiene y permite al espectador sumergirse mucho m\u00e1s profundamente en una especie de trance hipn\u00f3tico, en ocasiones disruptivo, cuestionador, reflexivo, expresivo y vital que adem\u00e1s est\u00e1 cargado de contenido referencial-abstracto y concreto, en relaci\u00f3n a una problem\u00e1tica existencial o de primera importancia para el ser humano del siglo XXI.<\/p>\n<p>[\/et_pb_fullwidth_header][\/et_pb_section][et_pb_section fb_built=&#8221;1&#8243; _builder_version=&#8221;4.16&#8243; _module_preset=&#8221;default&#8221; background_color=&#8221;rgba(0,0,0,0)&#8221; background_image=&#8221;https:\/\/luminico.org\/wp-content\/uploads\/2021\/09\/gguana_20130322_-FIMUSAQ_Luminico_Onix_H-San-Lazaro_22-scaled.jpg&#8221; parallax=&#8221;on&#8221; parallax_method=&#8221;off&#8221; custom_padding=&#8221;0px||0px||true|&#8221; global_colors_info=&#8221;{}&#8221;][et_pb_row _builder_version=&#8221;4.16&#8243; _module_preset=&#8221;default&#8221; width=&#8221;100%&#8221; max_width=&#8221;2560px&#8221; custom_padding=&#8221;|0px||0px|true|true&#8221; global_colors_info=&#8221;{}&#8221;][et_pb_column type=&#8221;4_4&#8243; _builder_version=&#8221;4.16&#8243; _module_preset=&#8221;default&#8221; background_color=&#8221;#000000&#8243; global_colors_info=&#8221;{}&#8221;][et_pb_text _builder_version=&#8221;4.17.3&#8243; _module_preset=&#8221;default&#8221; text_text_color=&#8221;#ffffff&#8221; text_font_size=&#8221;18px&#8221; header_font=&#8221;|800||on|||||&#8221; header_text_align=&#8221;justify&#8221; header_text_color=&#8221;#ffffff&#8221; header_font_size=&#8221;35px&#8221; header_2_font=&#8221;|700|||||||&#8221; header_2_text_color=&#8221;#FFFFFF&#8221; header_2_line_height=&#8221;1.7em&#8221; width=&#8221;72%&#8221; module_alignment=&#8221;center&#8221; custom_padding=&#8221;100px|47px|0px|47px|false|true&#8221; global_colors_info=&#8221;{}&#8221;]<\/p>\n<h1 style=\"text-align: center;\">\u00bfQu\u00e9 m\u00e1s es lum\u00ednico?<\/h1>\n<h2 style=\"text-align: center;\"><\/h2>\n<p class=\"p1\"><b>Nuestros conciertos se caracterizan por incluir:<\/b><\/p>\n<p class=\"p2\">\n<ul class=\"ul1\">\n<li class=\"li1\"><span class=\"s1\"><\/span>Obras para flauta y electr\u00f3nica<\/li>\n<li class=\"li1\"><span class=\"s1\"><\/span>M\u00fasica electroac\u00fastica mixta<\/li>\n<li class=\"li1\"><span class=\"s1\"><\/span>Arte Sonoro<\/li>\n<li class=\"li1\"><span class=\"s1\"><\/span>Experimentaci\u00f3n<\/li>\n<li class=\"li1\"><span class=\"s1\"><\/span>Improvisaci\u00f3n<\/li>\n<li class=\"li1\"><span class=\"s1\"><\/span>Invitados nacionales e<\/li>\n<li class=\"li1\"><span class=\"s1\"><\/span>internacionales<\/li>\n<li class=\"li1\"><span class=\"s1\"><\/span>Tem\u00e1ticas filos\u00f3ficas<\/li>\n<li class=\"li1\"><span class=\"s1\"><\/span>Influencia de m\u00fasicas del mundo<\/li>\n<li class=\"li1\"><span class=\"s1\"><\/span>Apertura est\u00e9tica<\/li>\n<li class=\"li1\"><span class=\"s1\"><\/span>Estrenos<\/li>\n<li class=\"li1\"><span class=\"s1\"><\/span>Colaboraciones interdisciplinarias<\/li>\n<li class=\"li1\"><span class=\"s1\"><\/span>Residencias<\/li>\n<\/ul>\n<p>[\/et_pb_text][et_pb_text _builder_version=&#8221;4.17.3&#8243; _module_preset=&#8221;default&#8221; text_text_color=&#8221;#ffffff&#8221; text_font_size=&#8221;18px&#8221; header_font=&#8221;|800||on|||||&#8221; header_text_align=&#8221;justify&#8221; header_text_color=&#8221;#ffffff&#8221; header_font_size=&#8221;35px&#8221; header_2_font=&#8221;|700|||||||&#8221; header_2_text_color=&#8221;#FFFFFF&#8221; header_2_line_height=&#8221;1.7em&#8221; width=&#8221;72%&#8221; module_alignment=&#8221;center&#8221; custom_margin=&#8221;||2px|||&#8221; custom_padding=&#8221;82px|47px|55px|47px|false|true&#8221; global_colors_info=&#8221;{}&#8221;]<\/p>\n<h1 style=\"text-align: center;\"><span>\u00faltimos proyectos:<\/span><\/h1>\n<p>[\/et_pb_text][\/et_pb_column][\/et_pb_row][\/et_pb_section][et_pb_section fb_built=&#8221;1&#8243; _builder_version=&#8221;4.17.3&#8243; _module_preset=&#8221;default&#8221; background_color=&#8221;rgba(0,0,0,0.91)&#8221; custom_padding=&#8221;||0px||false|false&#8221; global_colors_info=&#8221;{}&#8221;][et_pb_row column_structure=&#8221;1_3,2_3&#8243; use_custom_gutter=&#8221;on&#8221; gutter_width=&#8221;2&#8243; _builder_version=&#8221;4.17.4&#8243; _module_preset=&#8221;default&#8221; width=&#8221;100%&#8221; max_width=&#8221;2560px&#8221; custom_padding=&#8221;48px||32px||false|false&#8221; border_width_bottom=&#8221;1px&#8221; border_color_bottom=&#8221;#FFFFFF&#8221; global_colors_info=&#8221;{}&#8221;][et_pb_column type=&#8221;1_3&#8243; _builder_version=&#8221;4.16&#8243; _module_preset=&#8221;default&#8221; global_colors_info=&#8221;{}&#8221;][et_pb_image src=&#8221;https:\/\/luminico.org\/wp-content\/uploads\/2022\/05\/Maquin-arias-2-dragged.jpg&#8221; title_text=&#8221;Maquin-arias 2 (dragged)&#8221; show_in_lightbox=&#8221;on&#8221; align=&#8221;center&#8221; _builder_version=&#8221;4.17.4&#8243; _module_preset=&#8221;default&#8221; width=&#8221;100%&#8221; module_alignment=&#8221;right&#8221; custom_margin=&#8221;||||false|false&#8221; global_colors_info=&#8221;{}&#8221;][\/et_pb_image][\/et_pb_column][et_pb_column type=&#8221;2_3&#8243; _builder_version=&#8221;4.16&#8243; _module_preset=&#8221;default&#8221; global_colors_info=&#8221;{}&#8221;][et_pb_text _builder_version=&#8221;4.17.3&#8243; _module_preset=&#8221;default&#8221; text_text_color=&#8221;#ffffff&#8221; text_font_size=&#8221;15px&#8221; header_font=&#8221;|800||on|||||&#8221; header_text_align=&#8221;justify&#8221; header_text_color=&#8221;#ffffff&#8221; header_font_size=&#8221;35px&#8221; header_2_font=&#8221;|700|||||||&#8221; header_2_text_color=&#8221;#FFFFFF&#8221; header_2_line_height=&#8221;1.7em&#8221; width=&#8221;72%&#8221; module_alignment=&#8221;center&#8221; custom_margin=&#8221;|||-35px||&#8221; custom_padding=&#8221;3px|0px|0px|0px|false|true&#8221; global_colors_info=&#8221;{}&#8221;]<\/p>\n<p style=\"text-align: justify;\"><strong>MAQUIN-ARIAS<\/strong> ofrece una visi\u00f3n \u00fanica sobre la realidad contempor\u00e1nea y la vida del ser humano relacionado con las m\u00e1quinas, sus paradojas y contradicciones a trav\u00e9s de met\u00e1foras sonoras y visuales que sumergen inmersivamente al espectador en una singular experiencia art\u00edstica: Conciencia, percepci\u00f3n, intuici\u00f3n y racionalidad, todo lo cual se enlaza emocionalmente en un espect\u00e1culo introspectivo y personal, \u00fanico para cada espectador, el cual se construye a trav\u00e9s de la interpretaci\u00f3n en vivo de alto nivel y nuevos sonidos en la flauta, adem\u00e1s del uso de avanzadas tecnolog\u00edas de audio y video utilizando im\u00e1genes y sonidos de m\u00e1quinas y otras realidades derivadas de ellas. El repertorio proviene de muchas fuentes de sonido y de video que integran un numeroso corpus visual, lo cual interact\u00faa con m\u00fasica electr\u00f3nica y electroac\u00fastica, con improvisaci\u00f3n en vivo, m\u00fasica contempor\u00e1nea de concierto, m\u00fasica cl\u00e1sica y otras m\u00fasicas del mundo, todo ello en formato diferido y en tiempo real. Cada concierto integra fragmentos de esas piezas y sonidos, entrelaz\u00e1ndolos en vivo como si se tratara de una banda sonora, por lo que Maquin-Arias evita el convencional listado de obras y compositores, para dar paso a una nuevo formato: se trata de un proyecto que plantea formas esc\u00e9nicas y sonoras originales, innovadoras, propositivas e integradoras, acordes con la complejidad y diversidad propias de audiencias de la sociedad contempor\u00e1nea. Se ha presentado en m\u00faltiples conciertos en M\u00e9xico, Latinoam\u00e9rica, Estados Unidos, Canad\u00e1, diversos pa\u00edses asi\u00e1ticos y en Europa con gran \u00e9xito.<\/p>\n<p>[\/et_pb_text][et_pb_code _builder_version=&#8221;4.17.4&#8243; _module_preset=&#8221;default&#8221; width=&#8221;72%&#8221; module_alignment=&#8221;center&#8221; global_colors_info=&#8221;{}&#8221;]<iframe loading=\"lazy\" width=\"560\" height=\"315\" src=\"https:\/\/www.youtube.com\/embed\/tYYVBZ5tnlA?controls=0\" title=\"YouTube video player\" frameborder=\"0\" allow=\"accelerometer; autoplay; clipboard-write; encrypted-media; gyroscope; picture-in-picture\" allowfullscreen><\/iframe>[\/et_pb_code][\/et_pb_column][\/et_pb_row][et_pb_row column_structure=&#8221;1_3,2_3&#8243; use_custom_gutter=&#8221;on&#8221; gutter_width=&#8221;1&#8243; _builder_version=&#8221;4.17.3&#8243; _module_preset=&#8221;default&#8221; width=&#8221;100%&#8221; max_width=&#8221;2560px&#8221; custom_padding=&#8221;48px||32px||false|false&#8221; border_width_bottom=&#8221;1px&#8221; border_color_bottom=&#8221;#FFFFFF&#8221; global_colors_info=&#8221;{}&#8221;][et_pb_column type=&#8221;1_3&#8243; _builder_version=&#8221;4.16&#8243; _module_preset=&#8221;default&#8221; global_colors_info=&#8221;{}&#8221;][et_pb_image src=&#8221;https:\/\/luminico.org\/wp-content\/uploads\/2022\/05\/Flyer-XX.jpg&#8221; title_text=&#8221;Flyer XX&#8221; show_in_lightbox=&#8221;on&#8221; _builder_version=&#8221;4.17.4&#8243; _module_preset=&#8221;default&#8221; width=&#8221;100%&#8221; module_alignment=&#8221;right&#8221; custom_margin=&#8221;2px|||||&#8221; global_colors_info=&#8221;{}&#8221;][\/et_pb_image][\/et_pb_column][et_pb_column type=&#8221;2_3&#8243; _builder_version=&#8221;4.16&#8243; _module_preset=&#8221;default&#8221; global_colors_info=&#8221;{}&#8221;][et_pb_text _builder_version=&#8221;4.17.3&#8243; _module_preset=&#8221;default&#8221; text_text_color=&#8221;#ffffff&#8221; text_font_size=&#8221;15px&#8221; header_font=&#8221;|800||on|||||&#8221; header_text_align=&#8221;justify&#8221; header_text_color=&#8221;#ffffff&#8221; header_font_size=&#8221;35px&#8221; header_2_font=&#8221;|700|||||||&#8221; header_2_text_color=&#8221;#FFFFFF&#8221; header_2_line_height=&#8221;1.7em&#8221; width=&#8221;72%&#8221; module_alignment=&#8221;center&#8221; custom_margin=&#8221;|||-35px||&#8221; custom_padding=&#8221;3px|0px|0px|0px|false|true&#8221; global_colors_info=&#8221;{}&#8221;]<\/p>\n<p style=\"text-align: justify;\"><span class=\"\"><strong>LUZ NEGRA<\/strong> ofrece una visi\u00f3n \u00fanica sobre la realidad contempor\u00e1nea a trav\u00e9s de met\u00e1foras sonoras y visuales que sumergen al espectador en una singular experiencia art\u00edstica: Conciencia, percepci\u00f3n, intuici\u00f3n y racionalidad que se enlazan emocionalmente en un acontecimiento introspectivo personal, \u00fanico para cada espectador, el cual se construye a trav\u00e9s de la interpretaci\u00f3n en vivo de alto nivel y nuevos sonidos en la flauta, adem\u00e1s del uso de avanzadas tecnolog\u00edas audiovisuales. El repertorio proviene de muchas fuentes de sonido y de video que integran un numeroso corpus visual, lo cual interact\u00faa con m\u00fasica electr\u00f3nica y electroac\u00fastica, con improvisaci\u00f3n en vivo, m\u00fasica contempor\u00e1nea de concierto, m\u00fasica cl\u00e1sica y otras m\u00fasicas del mundo, todo ello en formato diferido y en tiempo real. Cada concierto integra fragmentos de esas piezas y sonidos, entrelaz\u00e1ndolos en vivo como si se tratara de una banda sonora, por lo que Lum\u00ednico evita el convencional listado de obras y compositores, para dar paso a una nuevo formato: Se trata de un proyecto que plantea formas esc\u00e9nicas y sonoras originales, innovadoras, propositivas e integradoras, acordes con la complejidad y diversidad propias de la sociedad contempor\u00e1nea.<\/span><span class=\"\">El proyecto es parte de \u00d3NIX Ensamble, y ha sido ganador del premio nacional de artes esc\u00e9nicas MEXICO EN ESCENA a trav\u00e9s del Fondo Nacional para la Cultura y las Artes. Se ha presentado en m\u00faltiples conciertos en M\u00e9xico, Latinoam\u00e9rica, Estados Unidos, Canad\u00e1, diversos pa\u00edses asi\u00e1ticos y en Europa con gran \u00e9xito.\u00a0<\/span><\/p>\n<p>[\/et_pb_text][et_pb_code _builder_version=&#8221;4.17.4&#8243; _module_preset=&#8221;default&#8221; width=&#8221;72%&#8221; module_alignment=&#8221;center&#8221; custom_padding=&#8221;32px|||||&#8221; global_colors_info=&#8221;{}&#8221;]<iframe loading=\"lazy\" width=\"560\" height=\"315\" src=\"https:\/\/www.youtube.com\/embed\/y08jULFO5hM?controls=0\" title=\"YouTube video player\" frameborder=\"0\" allow=\"accelerometer; autoplay; clipboard-write; encrypted-media; gyroscope; picture-in-picture\" allowfullscreen><\/iframe>[\/et_pb_code][\/et_pb_column][\/et_pb_row][\/et_pb_section]<\/p>\n","protected":false},"excerpt":{"rendered":"<p>Lum\u00ednico plantea una nueva forma de escuchar y presentar la m\u00fasica cl\u00e1sica contempor\u00e1nea. Se trata de conciertos visuales, obras vinculadas a la imagen a trav\u00e9s de un viaje sonoro sin interrupciones, modificando radicalmente el formato tradicional de la m\u00fasica de concierto, en donde las obras son presentadas sin ninguna separaci\u00f3n, sin pausas, sin aplausos entre [&hellip;]<\/p>\n","protected":false},"author":2,"featured_media":0,"parent":0,"menu_order":0,"comment_status":"closed","ping_status":"closed","template":"","meta":{"nf_dc_page":"","_et_pb_use_builder":"on","_et_pb_old_content":"","_et_gb_content_width":"","om_disable_all_campaigns":false,"_monsterinsights_skip_tracking":false,"_monsterinsights_sitenote_active":false,"_monsterinsights_sitenote_note":"","_monsterinsights_sitenote_category":0,"footnotes":""},"class_list":["post-147","page","type-page","status-publish","hentry"],"jetpack_sharing_enabled":true,"_links":{"self":[{"href":"https:\/\/luminico.org\/en\/wp-json\/wp\/v2\/pages\/147","targetHints":{"allow":["GET"]}}],"collection":[{"href":"https:\/\/luminico.org\/en\/wp-json\/wp\/v2\/pages"}],"about":[{"href":"https:\/\/luminico.org\/en\/wp-json\/wp\/v2\/types\/page"}],"author":[{"embeddable":true,"href":"https:\/\/luminico.org\/en\/wp-json\/wp\/v2\/users\/2"}],"replies":[{"embeddable":true,"href":"https:\/\/luminico.org\/en\/wp-json\/wp\/v2\/comments?post=147"}],"version-history":[{"count":4,"href":"https:\/\/luminico.org\/en\/wp-json\/wp\/v2\/pages\/147\/revisions"}],"predecessor-version":[{"id":404,"href":"https:\/\/luminico.org\/en\/wp-json\/wp\/v2\/pages\/147\/revisions\/404"}],"wp:attachment":[{"href":"https:\/\/luminico.org\/en\/wp-json\/wp\/v2\/media?parent=147"}],"curies":[{"name":"wp","href":"https:\/\/api.w.org\/{rel}","templated":true}]}}