{"id":315,"date":"2022-08-22T20:38:18","date_gmt":"2022-08-22T20:38:18","guid":{"rendered":"https:\/\/luminico.org\/?page_id=315"},"modified":"2022-08-22T22:00:32","modified_gmt":"2022-08-22T22:00:32","slug":"315-2","status":"publish","type":"page","link":"https:\/\/luminico.org\/en\/315-2\/","title":{"rendered":"Music"},"content":{"rendered":"\n[et_pb_section fb_built=&#8221;1&#8243; admin_label=&#8221;Header&#8221; _builder_version=&#8221;4.18.0&#8243; _module_preset=&#8221;default&#8221; background_color=&#8221;#000000&#8243; use_background_color_gradient=&#8221;on&#8221; background_color_gradient_stops=&#8221;rgba(0,0,0,0) 70%|#000000 100%&#8221; background_color_gradient_overlays_image=&#8221;on&#8221; background_enable_image=&#8221;off&#8221; parallax=&#8221;on&#8221; custom_padding=&#8221;||0px|||&#8221; collapsed=&#8221;on&#8221; global_colors_info=&#8221;{}&#8221;][et_pb_row _builder_version=&#8221;4.17.4&#8243; _module_preset=&#8221;default&#8221; max_width=&#8221;700px&#8221; max_width_tablet=&#8221;700px&#8221; max_width_phone=&#8221;700px&#8221; max_width_last_edited=&#8221;on|tablet&#8221; global_colors_info=&#8221;{}&#8221;][et_pb_column type=&#8221;4_4&#8243; _builder_version=&#8221;4.17.4&#8243; _module_preset=&#8221;default&#8221; global_colors_info=&#8221;{}&#8221;][et_pb_text _builder_version=&#8221;4.18.0&#8243; _module_preset=&#8221;c16985e1-e0d6-4022-964d-e2bfc04fa633&#8243; header_font=&#8221;|700||on|||||&#8221; header_text_color=&#8221;#FFFFFF&#8221; header_font_size=&#8221;110px&#8221; header_letter_spacing=&#8221;0em&#8221; text_orientation=&#8221;center&#8221; header_font_size_tablet=&#8221;40px&#8221; header_font_size_phone=&#8221;24px&#8221; header_font_size_last_edited=&#8221;on|phone&#8221; header_text_shadow_style=&#8221;preset5&#8243; header_text_shadow_horizontal_length=&#8221;0.05em&#8221; header_text_shadow_vertical_length=&#8221;0.01em&#8221; header_text_shadow_color=&#8221;#E02B20&#8243; global_colors_info=&#8221;{}&#8221;]<h1>M\u00fasica<\/h1>[\/et_pb_text][\/et_pb_column][\/et_pb_row][\/et_pb_section][et_pb_section fb_built=&#8221;1&#8243; admin_label=&#8221;Footer&#8221; _builder_version=&#8221;4.18.0&#8243; _module_preset=&#8221;default&#8221; background_color=&#8221;#000000&#8243; background_image=&#8221;https:\/\/luminico.org\/wp-content\/uploads\/2022\/08\/footer-background-scaled-1.jpg&#8221; parallax=&#8221;on&#8221; custom_padding=&#8221;4vw||12vw||false|false&#8221; saved_tabs=&#8221;all&#8221; collapsed=&#8221;on&#8221; global_colors_info=&#8221;{}&#8221;][et_pb_row column_structure=&#8221;1_3,1_3,1_3&#8243; _builder_version=&#8221;4.18.0&#8243; _module_preset=&#8221;default&#8221; custom_padding=&#8221;25px||25px||true|false&#8221; global_colors_info=&#8221;{}&#8221;][et_pb_column type=&#8221;1_3&#8243; _builder_version=&#8221;4.18.0&#8243; _module_preset=&#8221;default&#8221; global_colors_info=&#8221;{}&#8221;][et_pb_video src=&#8221;https:\/\/luminico.org\/wp-content\/uploads\/2022\/08\/Tha-World-We-Know.mp4&#8243; image_src=&#8221;https:\/\/luminico.org\/wp-content\/uploads\/2022\/08\/Screen-Shot-2022-08-22-at-15.23.18.png&#8221; _builder_version=&#8221;4.18.0&#8243; _module_preset=&#8221;default&#8221; custom_margin=&#8221;||-2px||false|false&#8221; global_colors_info=&#8221;{}&#8221;][\/et_pb_video][et_pb_text _builder_version=&#8221;4.18.0&#8243; _module_preset=&#8221;default&#8221; text_text_color=&#8221;#FFFFFF&#8221; header_font=&#8221;|700|||||||&#8221; header_text_color=&#8221;#FFFFFF&#8221; header_font_size=&#8221;20px&#8221; background_color=&#8221;#000000&#8243; custom_padding=&#8221;20px|15px|20px|15px|true|true&#8221; global_colors_info=&#8221;{}&#8221;]<h1>&#8220;THE WORLD WE KNOW&#8221;<\/h1>\n<p>M\u00fasica<br \/>Alejandro Vi\u00f1ao<\/p>\n<p>Video<br \/>Jos\u00e9 Luis Garc\u00eda Nava<\/p>[\/et_pb_text][\/et_pb_column][et_pb_column type=&#8221;1_3&#8243; _builder_version=&#8221;4.18.0&#8243; _module_preset=&#8221;default&#8221; global_colors_info=&#8221;{}&#8221;][et_pb_video src=&#8221;https:\/\/luminico.org\/wp-content\/uploads\/2022\/08\/Friction.mp4&#8243; image_src=&#8221;https:\/\/luminico.org\/wp-content\/uploads\/2022\/08\/Screen-Shot-2022-08-22-at-15.28.37.png&#8221; _builder_version=&#8221;4.18.0&#8243; _module_preset=&#8221;default&#8221; custom_margin=&#8221;||-2px||false|false&#8221; global_colors_info=&#8221;{}&#8221;][\/et_pb_video][et_pb_text _builder_version=&#8221;4.18.0&#8243; _module_preset=&#8221;default&#8221; text_text_color=&#8221;#FFFFFF&#8221; header_font=&#8221;|700|||||||&#8221; header_text_color=&#8221;#FFFFFF&#8221; header_font_size=&#8221;20px&#8221; background_color=&#8221;#000000&#8243; custom_padding=&#8221;20px|15px|20px|15px|true|true&#8221; global_colors_info=&#8221;{}&#8221;]<h1>&#8220;FRICTION&#8221;<\/h1>\n<p>M\u00fasica<br \/>Rodrigo Sigal<\/p>\n<p>Video<br \/>Jos\u00e9 Luis Garc\u00eda Nava<\/p>[\/et_pb_text][\/et_pb_column][et_pb_column type=&#8221;1_3&#8243; _builder_version=&#8221;4.18.0&#8243; _module_preset=&#8221;default&#8221; global_colors_info=&#8221;{}&#8221;][et_pb_video src=&#8221;https:\/\/luminico.org\/wp-content\/uploads\/2022\/08\/Transmissions.mp4&#8243; image_src=&#8221;https:\/\/luminico.org\/wp-content\/uploads\/2022\/08\/Screen-Shot-2022-08-22-at-15.32.28.png&#8221; _builder_version=&#8221;4.18.0&#8243; _module_preset=&#8221;default&#8221; custom_margin=&#8221;||-2px||false|false&#8221; global_colors_info=&#8221;{}&#8221;][\/et_pb_video][et_pb_text _builder_version=&#8221;4.18.0&#8243; _module_preset=&#8221;default&#8221; text_text_color=&#8221;#FFFFFF&#8221; header_font=&#8221;|700|||||||&#8221; header_text_color=&#8221;#FFFFFF&#8221; header_font_size=&#8221;20px&#8221; background_color=&#8221;#000000&#8243; custom_padding=&#8221;20px|15px|20px|15px|true|true&#8221; global_colors_info=&#8221;{}&#8221;]<h1>&#8220;TRANSMISSIONS&#8221;<\/h1>\n<p>M\u00fasica<br \/>Ake Parmerud<\/p>\n<p>Video<br \/>Ake Parmerud<\/p>[\/et_pb_text][\/et_pb_column][\/et_pb_row][et_pb_row column_structure=&#8221;1_3,1_3,1_3&#8243; _builder_version=&#8221;4.18.0&#8243; _module_preset=&#8221;default&#8221; custom_padding=&#8221;25px||25px||true|false&#8221; global_colors_info=&#8221;{}&#8221;][et_pb_column type=&#8221;1_3&#8243; _builder_version=&#8221;4.18.0&#8243; _module_preset=&#8221;default&#8221; global_colors_info=&#8221;{}&#8221;][et_pb_video src=&#8221;https:\/\/luminico.org\/wp-content\/uploads\/2022\/08\/Maquinaria.m4v&#8221; image_src=&#8221;https:\/\/luminico.org\/wp-content\/uploads\/2022\/08\/Screen-Shot-2022-08-22-at-16.42.36.png&#8221; _builder_version=&#8221;4.18.0&#8243; _module_preset=&#8221;default&#8221; custom_margin=&#8221;||-2px||false|false&#8221; global_colors_info=&#8221;{}&#8221;][\/et_pb_video][et_pb_text _builder_version=&#8221;4.18.0&#8243; _module_preset=&#8221;default&#8221; text_text_color=&#8221;#FFFFFF&#8221; header_font=&#8221;|700|||||||&#8221; header_text_color=&#8221;#FFFFFF&#8221; header_font_size=&#8221;20px&#8221; background_color=&#8221;#000000&#8243; custom_padding=&#8221;20px|15px|20px|15px|true|true&#8221; global_colors_info=&#8221;{}&#8221;]<h1>&#8220;MAQUIN-ARIAS&#8221;<\/h1>\n<p>M\u00fasica<br \/>Alejandro Escuer<\/p>\n<p>Video<br \/>Jos\u00e9 Pita Ju\u00e1rez<\/p>[\/et_pb_text][\/et_pb_column][et_pb_column type=&#8221;1_3&#8243; _builder_version=&#8221;4.18.0&#8243; _module_preset=&#8221;default&#8221; global_colors_info=&#8221;{}&#8221;][et_pb_video src=&#8221;https:\/\/luminico.org\/wp-content\/uploads\/2022\/08\/The-Void.m4v&#8221; image_src=&#8221;https:\/\/luminico.org\/wp-content\/uploads\/2022\/08\/Screen-Shot-2022-08-22-at-16.39.46.png&#8221; _builder_version=&#8221;4.18.0&#8243; _module_preset=&#8221;default&#8221; custom_margin=&#8221;||-2px||false|false&#8221; global_colors_info=&#8221;{}&#8221;][\/et_pb_video][et_pb_text _builder_version=&#8221;4.18.0&#8243; _module_preset=&#8221;default&#8221; text_text_color=&#8221;#FFFFFF&#8221; header_font=&#8221;|700|||||||&#8221; header_text_color=&#8221;#FFFFFF&#8221; header_font_size=&#8221;20px&#8221; background_color=&#8221;#000000&#8243; custom_padding=&#8221;20px|15px|20px|15px|true|true&#8221; global_colors_info=&#8221;{}&#8221;]<h1>&#8220;THE VOID&#8221;<\/h1>\n<p>M\u00fasica<br \/>Juan Antonio Ar\u00e9valo \/ Alejandro Escuer<\/p>\n<p>Video<br \/>Juan Antonio Ar\u00e9valo<\/p>[\/et_pb_text][\/et_pb_column][et_pb_column type=&#8221;1_3&#8243; _builder_version=&#8221;4.18.0&#8243; _module_preset=&#8221;default&#8221; global_colors_info=&#8221;{}&#8221;][et_pb_video src=&#8221;https:\/\/luminico.org\/wp-content\/uploads\/2022\/08\/Maquina-ok.m4v&#8221; image_src=&#8221;https:\/\/luminico.org\/wp-content\/uploads\/2022\/08\/Screen-Shot-2022-08-22-at-15.36.48.png&#8221; _builder_version=&#8221;4.18.0&#8243; _module_preset=&#8221;default&#8221; custom_margin=&#8221;||-2px||false|false&#8221; global_colors_info=&#8221;{}&#8221;][\/et_pb_video][et_pb_text _builder_version=&#8221;4.18.0&#8243; _module_preset=&#8221;default&#8221; text_text_color=&#8221;#FFFFFF&#8221; header_font=&#8221;|700|||||||&#8221; header_text_color=&#8221;#FFFFFF&#8221; header_font_size=&#8221;20px&#8221; background_color=&#8221;#000000&#8243; custom_padding=&#8221;20px|15px|20px|15px|true|true&#8221; global_colors_info=&#8221;{}&#8221;]<h1>&#8220;MAQUIN-ARIAS II&#8221;<\/h1>\n<p>M\u00fasica<br \/>Alejandro Escuer<\/p>\n<p>Video<br \/>Juan Antonio Ar\u00e9valo<\/p>[\/et_pb_text][\/et_pb_column][\/et_pb_row][\/et_pb_section]\n","protected":false},"excerpt":{"rendered":"<p>M\u00fasica&#8221;THE WORLD WE KNOW&#8221; M\u00fasicaAlejandro Vi\u00f1ao VideoJos\u00e9 Luis Garc\u00eda Nava&#8221;FRICTION&#8221; M\u00fasicaRodrigo Sigal VideoJos\u00e9 Luis Garc\u00eda Nava&#8221;TRANSMISSIONS&#8221; M\u00fasicaAke Parmerud VideoAke Parmerud&#8221;MAQUIN-ARIAS&#8221; M\u00fasicaAlejandro Escuer VideoJos\u00e9 Pita Ju\u00e1rez&#8221;THE VOID&#8221; M\u00fasicaJuan Antonio Ar\u00e9valo \/ Alejandro Escuer VideoJuan Antonio Ar\u00e9valo&#8221;MAQUIN-ARIAS II&#8221; M\u00fasicaAlejandro Escuer VideoJuan Antonio Ar\u00e9valo<\/p>","protected":false},"author":2,"featured_media":0,"parent":0,"menu_order":0,"comment_status":"closed","ping_status":"closed","template":"","meta":{"nf_dc_page":"","_et_pb_use_builder":"on","_et_pb_old_content":"","_et_gb_content_width":"","om_disable_all_campaigns":false,"_monsterinsights_skip_tracking":false,"_monsterinsights_sitenote_active":false,"_monsterinsights_sitenote_note":"","_monsterinsights_sitenote_category":0,"footnotes":""},"class_list":["post-315","page","type-page","status-publish","hentry"],"jetpack_sharing_enabled":true,"_links":{"self":[{"href":"https:\/\/luminico.org\/en\/wp-json\/wp\/v2\/pages\/315","targetHints":{"allow":["GET"]}}],"collection":[{"href":"https:\/\/luminico.org\/en\/wp-json\/wp\/v2\/pages"}],"about":[{"href":"https:\/\/luminico.org\/en\/wp-json\/wp\/v2\/types\/page"}],"author":[{"embeddable":true,"href":"https:\/\/luminico.org\/en\/wp-json\/wp\/v2\/users\/2"}],"replies":[{"embeddable":true,"href":"https:\/\/luminico.org\/en\/wp-json\/wp\/v2\/comments?post=315"}],"version-history":[{"count":5,"href":"https:\/\/luminico.org\/en\/wp-json\/wp\/v2\/pages\/315\/revisions"}],"predecessor-version":[{"id":378,"href":"https:\/\/luminico.org\/en\/wp-json\/wp\/v2\/pages\/315\/revisions\/378"}],"wp:attachment":[{"href":"https:\/\/luminico.org\/en\/wp-json\/wp\/v2\/media?parent=315"}],"curies":[{"name":"wp","href":"https:\/\/api.w.org\/{rel}","templated":true}]}}