{"id":7,"date":"2020-11-20T18:22:30","date_gmt":"2020-11-20T18:22:30","guid":{"rendered":"https:\/\/luminico.org\/\/?page_id=7"},"modified":"2023-03-14T03:34:45","modified_gmt":"2023-03-14T03:34:45","slug":"7-2","status":"publish","type":"page","link":"https:\/\/luminico.org\/en\/","title":{"rendered":"Home"},"content":{"rendered":"<p>[et_pb_section fb_built=&#8221;1&#8243; fullwidth=&#8221;on&#8221; disabled_on=&#8221;off|off|off&#8221; _builder_version=&#8221;4.17.3&#8243; _module_preset=&#8221;default&#8221; background_video_mp4=&#8221;https:\/\/luminico.org\/wp-content\/uploads\/2021\/09\/Luminico-web2.mp4&#8243; background_video_webm=&#8221;https:\/\/luminico.org\/wp-content\/uploads\/2021\/09\/Luminico-web2.mp4&#8243; custom_margin=&#8221;||||false|false&#8221; custom_padding=&#8221;||||false|false&#8221; background_last_edited=&#8221;off|desktop&#8221; global_colors_info=&#8221;{}&#8221;][et_pb_fullwidth_header title=&#8221;M\u00daSICA VISUAL&#8221; text_orientation=&#8221;center&#8221; header_fullscreen=&#8221;on&#8221; logo_image_url=&#8221;https:\/\/luminico.org\/wp-content\/uploads\/2020\/11\/luminico_logo_color.png&#8221; content_max_width=&#8221;40%&#8221; scroll_down_icon_color_tablet=&#8221;&#8221; scroll_down_icon_color_phone=&#8221;RGBA(0,0,0,0)&#8221; scroll_down_icon_color_last_edited=&#8221;on|phone&#8221; logo_image_url_tablet=&#8221;https:\/\/luminico.org\/wp-content\/uploads\/2020\/11\/luminico_logo_color.png&#8221; logo_image_url_phone=&#8221;https:\/\/luminico.org\/wp-content\/uploads\/2020\/11\/luminico_logo_color.png&#8221; logo_image_url_last_edited=&#8221;on|phone&#8221; content_max_width_tablet=&#8221;50%&#8221; content_max_width_phone=&#8221;100%&#8221; content_max_width_last_edited=&#8221;on|phone&#8221; _builder_version=&#8221;4.18.0&#8243; _module_preset=&#8221;default&#8221; title_font=&#8221;|800|||||||&#8221; title_letter_spacing=&#8221;2px&#8221; background_color=&#8221;rgba(0,0,0,0.79)&#8221; background_enable_video_mp4=&#8221;off&#8221; background_enable_video_webm=&#8221;off&#8221; background_video_pause_outside_viewport=&#8221;off&#8221; module_alignment=&#8221;center&#8221; height_tablet=&#8221;731px&#8221; height_phone=&#8221;589px&#8221; height_last_edited=&#8221;on|tablet&#8221; max_height_tablet=&#8221;&#8221; max_height_phone=&#8221;&#8221; max_height_last_edited=&#8221;on|phone&#8221; custom_margin=&#8221;||||false|false&#8221; custom_padding=&#8221;0px||0px||false|false&#8221; custom_padding_tablet=&#8221;&#8221; custom_padding_phone=&#8221;||100px||false|false&#8221; custom_padding_last_edited=&#8221;on|phone&#8221; child_mix_blend_mode=&#8221;overlay&#8221; background_color_phone=&#8221;RGBA(0,0,0,0)&#8221; background_last_edited=&#8221;on|phone&#8221; background_enable_color_phone=&#8221;on&#8221; background_image_tablet=&#8221;https:\/\/luminico.org\/wp-content\/uploads\/2020\/11\/gguana_20130322_-FIMUSAQ_Luminico_Onix_H-San-Lazaro_40-scaled.jpg&#8221; background_image_phone=&#8221;https:\/\/luminico.org\/wp-content\/uploads\/2020\/12\/Screen-Shot-2020-12-01-at-19.30.36.png&#8221; background_enable_image_tablet=&#8221;on&#8221; background_enable_image_phone=&#8221;on&#8221; parallax_phone=&#8221;on&#8221; parallax_method_phone=&#8221;off&#8221; background_position_tablet=&#8221;center_right&#8221; background_enable_video_mp4_tablet=&#8221;off&#8221; background_enable_video_mp4_phone=&#8221;off&#8221; background_enable_video_webm_tablet=&#8221;off&#8221; background_enable_video_webm_phone=&#8221;off&#8221; custom_css_button_1=&#8221;.custom-mute {||    display: block;||    background: red;||    width: 30px;||    height: 30px;||    position: absolute;||    bottom: 100px;||    right: 100px;||    z-index: 1000;||}&#8221; border_width_all_image=&#8221;20px&#8221; border_color_all_image=&#8221;RGBA(0,0,0,0)&#8221; global_colors_info=&#8221;{}&#8221;]<\/p>\n<p>Reflexiones, met\u00e1foras y cuestionamientos sobre el presente, el futuro, el entorno de lo humano y la existencia.<\/p>\n<p>[\/et_pb_fullwidth_header][\/et_pb_section][et_pb_section fb_built=&#8221;1&#8243; custom_padding_last_edited=&#8221;on|phone&#8221; _builder_version=&#8221;4.17.3&#8243; _module_preset=&#8221;default&#8221; background_color=&#8221;gcid-1734d3da-4e88-45e3-808c-4ee86ab5590e&#8221; custom_margin=&#8221;-5px|||||&#8221; custom_padding=&#8221;64px||64px||true|false&#8221; custom_padding_tablet=&#8221;&#8221; custom_padding_phone=&#8221;133px||133px||true|false&#8221; box_shadow_style=&#8221;preset3&#8243; box_shadow_blur=&#8221;41px&#8221; box_shadow_spread=&#8221;19px&#8221; box_shadow_color=&#8221;#000000&#8243; global_colors_info=&#8221;{%22gcid-1734d3da-4e88-45e3-808c-4ee86ab5590e%22:%91%22background_color%22%93}&#8221;][et_pb_row column_structure=&#8221;1_2,1_2&#8243; use_custom_gutter=&#8221;on&#8221; gutter_width=&#8221;1&#8243; _builder_version=&#8221;4.17.3&#8243; _module_preset=&#8221;default&#8221; width=&#8221;88%&#8221; width_tablet=&#8221;&#8221; width_phone=&#8221;92%&#8221; width_last_edited=&#8221;on|phone&#8221; max_width=&#8221;2560px&#8221; global_colors_info=&#8221;{}&#8221;][et_pb_column type=&#8221;1_2&#8243; _builder_version=&#8221;4.16&#8243; _module_preset=&#8221;default&#8221; global_colors_info=&#8221;{}&#8221;][et_pb_text _builder_version=&#8221;4.17.3&#8243; _module_preset=&#8221;default&#8221; text_font=&#8221;|700|||||||&#8221; text_text_color=&#8221;#FFFFFF&#8221; text_font_size=&#8221;25px&#8221; text_line_height=&#8221;1.8em&#8221; header_font=&#8221;|600|||||||&#8221; header_text_align=&#8221;center&#8221; header_text_color=&#8221;#FFFFFF&#8221; header_font_size=&#8221;17px&#8221; header_line_height=&#8221;1.7em&#8221; width=&#8221;80%&#8221; module_alignment=&#8221;center&#8221; custom_padding=&#8221;0px||||false|false&#8221; global_colors_info=&#8221;{}&#8221;]<\/p>\n<h1 style=\"text-align: justify;\"><span>Lum\u00ednico dio su primer concierto en el a\u00f1o 2000. Se trata del primer proyecto que combina la m\u00fasica contempor\u00e1nea de concierto influenciada por la m\u00fasica del mundo con video arte, m\u00fasica electr\u00f3nica, m\u00fasica electro ac\u00fastica y arte sonoro. Fundado por Alejandro Escuer y Rodrigo Sigal, Lum\u00ednico se ha presentado en importantes universidades y festivales especializados en la m\u00fasica con tecnolog\u00eda de Europa, Asia y Am\u00e9rica. Una de sus contribuciones originales consiste en abordar tem\u00e1ticas contempor\u00e1neas desde un punto de vista filos\u00f3fico, existencial y metaf\u00f3rico.\u00a0<\/span><\/h1>\n<h1 style=\"text-align: justify;\"><span>Por otro lado, y con tal prop\u00f3sito, las obras que lo integran son cuidadosamente seleccionadas y con frecuencia escritas por los propios fundadores y otros compositores internacionales que les han dedicado su trabajo. <\/span><\/h1>\n<p>[\/et_pb_text][\/et_pb_column][et_pb_column type=&#8221;1_2&#8243; _builder_version=&#8221;4.16&#8243; _module_preset=&#8221;default&#8221; global_colors_info=&#8221;{}&#8221;][et_pb_text _builder_version=&#8221;4.17.3&#8243; _module_preset=&#8221;default&#8221; text_font=&#8221;|700|||||||&#8221; text_text_color=&#8221;#FFFFFF&#8221; text_font_size=&#8221;25px&#8221; text_line_height=&#8221;1.8em&#8221; header_font=&#8221;|600|||||||&#8221; header_text_align=&#8221;center&#8221; header_text_color=&#8221;#FFFFFF&#8221; header_font_size=&#8221;17px&#8221; header_line_height=&#8221;1.7em&#8221; width=&#8221;80%&#8221; module_alignment=&#8221;center&#8221; custom_padding=&#8221;0px||||false|false&#8221; global_colors_info=&#8221;{}&#8221;]<\/p>\n<h1 style=\"text-align: justify;\"><span>El espect\u00e1culo es presentado sin interrupciones, como si se tratara de una banda sonora. Esta continuidad permite al espectador disfrutar de una experiencia de inmersi\u00f3n m\u00e1s profunda, hipn\u00f3tica, evidenciando el poder persuasivo y expresivo de la m\u00fasica actual para provocar la reflexi\u00f3n, la introspecci\u00f3n, aprovechando tambi\u00e9n la sensibilidad sonora, po\u00e9tica y conceptual del propio espectador. As\u00ed pues, Lum\u00ednico elabora cuidadosamente un acontecer sonoro y visual como si se tratase de un ritual; trance en el que el tiempo se devela como una l\u00ednea de introspecci\u00f3n y meditaci\u00f3n cr\u00edtica y propositiva sobre temas relacionados con la forma de vida del ser humano en el siglo XXI.<\/span><\/h1>\n<p>[\/et_pb_text][\/et_pb_column][\/et_pb_row][\/et_pb_section][et_pb_section fb_built=&#8221;1&#8243; custom_padding_last_edited=&#8221;on|phone&#8221; _builder_version=&#8221;4.16&#8243; _module_preset=&#8221;default&#8221; background_color=&#8221;#000000&#8243; background_enable_image=&#8221;off&#8221; parallax=&#8221;on&#8221; parallax_method=&#8221;off&#8221; custom_padding=&#8221;0px||0px||true|&#8221; custom_padding_tablet=&#8221;&#8221; custom_padding_phone=&#8221;0px||0px||true|false&#8221; background_last_edited=&#8221;off|desktop&#8221; background_image_phone=&#8221;https:\/\/luminico.org\/wp-content\/uploads\/2020\/12\/Screen-Shot-2020-12-01-at-19.30.36.png&#8221; background_enable_image_phone=&#8221;on&#8221; global_colors_info=&#8221;{}&#8221;][et_pb_row _builder_version=&#8221;4.16&#8243; _module_preset=&#8221;default&#8221; width=&#8221;100%&#8221; max_width=&#8221;2560px&#8221; global_colors_info=&#8221;{}&#8221;][et_pb_column type=&#8221;4_4&#8243; _builder_version=&#8221;4.16&#8243; _module_preset=&#8221;default&#8221; global_colors_info=&#8221;{}&#8221;][et_pb_video src=&#8221;https:\/\/luminico.org\/wp-content\/uploads\/2020\/11\/Luminico-web.mov&#8221; src_webm=&#8221;https:\/\/luminico.org\/wp-content\/uploads\/2021\/09\/Luminico-web2.mp4&#8243; image_src=&#8221;https:\/\/luminico.org\/wp-content\/uploads\/2021\/09\/gguana_20130322_-FIMUSAQ_Luminico_Onix_H-San-Lazaro_17-scaled.jpg&#8221; play_icon_color=&#8221;#FFFFFF&#8221; thumbnail_overlay_color=&#8221;rgba(12,113,195,0)&#8221; image_src_tablet=&#8221;&#8221; image_src_phone=&#8221;https:\/\/luminico.org\/wp-content\/uploads\/2020\/12\/695.jpg&#8221; image_src_last_edited=&#8221;on|phone&#8221; play_icon_color_tablet=&#8221;&#8221; play_icon_color_phone=&#8221;#E02B20&#8243; play_icon_color_last_edited=&#8221;on|phone&#8221; _builder_version=&#8221;4.16&#8243; _module_preset=&#8221;default&#8221; width=&#8221;100%&#8221; module_alignment=&#8221;center&#8221; custom_padding=&#8221;0px|||||&#8221; global_colors_info=&#8221;{}&#8221;][\/et_pb_video][\/et_pb_column][\/et_pb_row][\/et_pb_section]<\/p>\n","protected":false},"excerpt":{"rendered":"<p>Reflexiones, met\u00e1foras y cuestionamientos sobre el presente, el futuro, el entorno de lo humano y la existencia.Lum\u00ednico dio su primer concierto en el a\u00f1o 2000. Se trata del primer proyecto que combina la m\u00fasica contempor\u00e1nea de concierto influenciada por la m\u00fasica del mundo con video arte, m\u00fasica electr\u00f3nica, m\u00fasica electro ac\u00fastica y arte sonoro. Fundado [&hellip;]<\/p>\n","protected":false},"author":2,"featured_media":16,"parent":0,"menu_order":0,"comment_status":"closed","ping_status":"closed","template":"","meta":{"nf_dc_page":"","_et_pb_use_builder":"on","_et_pb_old_content":"","_et_gb_content_width":"","om_disable_all_campaigns":false,"_monsterinsights_skip_tracking":false,"_monsterinsights_sitenote_active":false,"_monsterinsights_sitenote_note":"","_monsterinsights_sitenote_category":0,"footnotes":""},"class_list":["post-7","page","type-page","status-publish","has-post-thumbnail","hentry"],"jetpack_sharing_enabled":true,"_links":{"self":[{"href":"https:\/\/luminico.org\/en\/wp-json\/wp\/v2\/pages\/7","targetHints":{"allow":["GET"]}}],"collection":[{"href":"https:\/\/luminico.org\/en\/wp-json\/wp\/v2\/pages"}],"about":[{"href":"https:\/\/luminico.org\/en\/wp-json\/wp\/v2\/types\/page"}],"author":[{"embeddable":true,"href":"https:\/\/luminico.org\/en\/wp-json\/wp\/v2\/users\/2"}],"replies":[{"embeddable":true,"href":"https:\/\/luminico.org\/en\/wp-json\/wp\/v2\/comments?post=7"}],"version-history":[{"count":5,"href":"https:\/\/luminico.org\/en\/wp-json\/wp\/v2\/pages\/7\/revisions"}],"predecessor-version":[{"id":402,"href":"https:\/\/luminico.org\/en\/wp-json\/wp\/v2\/pages\/7\/revisions\/402"}],"wp:featuredmedia":[{"embeddable":true,"href":"https:\/\/luminico.org\/en\/wp-json\/wp\/v2\/media\/16"}],"wp:attachment":[{"href":"https:\/\/luminico.org\/en\/wp-json\/wp\/v2\/media?parent=7"}],"curies":[{"name":"wp","href":"https:\/\/api.w.org\/{rel}","templated":true}]}}