{"id":98,"date":"2020-12-01T18:04:30","date_gmt":"2020-12-01T18:04:30","guid":{"rendered":"https:\/\/luminico.org\/?page_id=98"},"modified":"2023-03-28T19:06:34","modified_gmt":"2023-03-28T19:06:34","slug":"integrantes","status":"publish","type":"page","link":"https:\/\/luminico.org\/en\/integrantes\/","title":{"rendered":"Members"},"content":{"rendered":"<p>[et_pb_section fb_built=&#8221;1&#8243; fullwidth=&#8221;on&#8221; _builder_version=&#8221;4.17.4&#8243; _module_preset=&#8221;default&#8221; global_colors_info=&#8221;{}&#8221;][et_pb_fullwidth_header title=&#8221;INTEGRANTES&#8221; header_fullscreen=&#8221;on&#8221; content_max_width=&#8221;50%&#8221; content_max_width_tablet=&#8221;&#8221; content_max_width_phone=&#8221;100%&#8221; content_max_width_last_edited=&#8221;on|phone&#8221; _builder_version=&#8221;4.18.0&#8243; _module_preset=&#8221;default&#8221; title_font=&#8221;|800|||||||&#8221; title_font_size=&#8221;37px&#8221; content_font_size=&#8221;18px&#8221; background_color=&#8221;rgba(0,0,0,0)&#8221; background_image=&#8221;https:\/\/luminico.org\/wp-content\/uploads\/2020\/11\/gguana_20130322_-FIMUSAQ_Luminico_Onix_H-San-Lazaro_40-scaled.jpg&#8221; parallax=&#8221;on&#8221; background_enable_video_mp4=&#8221;off&#8221; background_video_pause_outside_viewport=&#8221;off&#8221; module_alignment=&#8221;center&#8221; custom_padding=&#8221;||0px||false|false&#8221; title_text_align_tablet=&#8221;&#8221; title_text_align_phone=&#8221;center&#8221; title_text_align_last_edited=&#8221;on|phone&#8221; module_alignment_tablet=&#8221;center&#8221; module_alignment_phone=&#8221;center&#8221; module_alignment_last_edited=&#8221;on|phone&#8221; global_colors_info=&#8221;{}&#8221;][\/et_pb_fullwidth_header][\/et_pb_section][et_pb_section fb_built=&#8221;1&#8243; _builder_version=&#8221;4.18.0&#8243; _module_preset=&#8221;default&#8221; background_enable_color=&#8221;off&#8221; background_image=&#8221;https:\/\/luminico.org\/wp-content\/uploads\/2020\/12\/MEX_AC_LUMINICO_REFLEXIONA_SOBRE_LA_MIGRACIO\u0301N_14324134712.jpg&#8221; custom_padding=&#8221;0px||0px||true|false&#8221; global_colors_info=&#8221;{}&#8221;][et_pb_row column_structure=&#8221;1_2,1_2&#8243; _builder_version=&#8221;4.18.0&#8243; _module_preset=&#8221;default&#8221; background_enable_color=&#8221;off&#8221; width=&#8221;100%&#8221; max_width=&#8221;2560px&#8221; custom_margin=&#8221;6px|auto||auto|false|false&#8221; custom_padding=&#8221;177px||177px||true|false&#8221; global_colors_info=&#8221;{}&#8221;][et_pb_column type=&#8221;1_2&#8243; _builder_version=&#8221;4.16&#8243; _module_preset=&#8221;default&#8221; global_colors_info=&#8221;{}&#8221;][et_pb_text _builder_version=&#8221;4.18.0&#8243; _module_preset=&#8221;default&#8221; text_text_color=&#8221;#ffffff&#8221; text_font_size=&#8221;18px&#8221; header_font=&#8221;|800||on|||||&#8221; header_text_color=&#8221;#ffffff&#8221; background_color=&#8221;#000000&#8243; width=&#8221;65%&#8221; width_tablet=&#8221;&#8221; width_phone=&#8221;80%&#8221; width_last_edited=&#8221;on|phone&#8221; module_alignment=&#8221;center&#8221; custom_margin=&#8221;||||false|false&#8221; custom_padding=&#8221;20px|20px|20px|20px|true|true&#8221; global_colors_info=&#8221;{}&#8221;]<\/p>\n<h1 class=\"p1\" style=\"text-align: center;\">ALEJANDRO ESCUER<\/h1>\n<p class=\"p1\" style=\"text-align: center;\">Flautas y Alientos<\/p>\n<p style=\"text-align: justify;\"><span style=\"font-weight: 400;\">Alejandro Escuer es flautista solista, compositor y artista multidisciplinario que ha posicionado la m\u00fasica contempor\u00e1nea de su pa\u00eds en M\u00e9xico y el extranjero a trav\u00e9s de una intensa labor docente y concert\u00edstica, grabando m\u00e1s de 25 discos compactos (dos con nominaci\u00f3n al Grammy Latino), fundando la Academia de M\u00fasica Contempor\u00e1nea en la UNAM y desde luego mediante cientos de conciertos como embajador musical de M\u00e9xico en Jap\u00f3n, China, Espa\u00f1a, Polonia, Inglaterra, Francia, Alemania, Canad\u00e1, Colombia, Venezuela y especialmente en Estados Unidos. Es el creador y director art\u00edstico de \u00d3NIX Ensamble, grupo mexicano especializado en la interpretaci\u00f3n de la m\u00fasica actual con m\u00e1s de 200 obras dedicadas y estrenadas a lo largo de sus 25 a\u00f1os de trayectoria.\u00a0<\/span><\/p>\n<p style=\"text-align: justify;\"><span style=\"font-weight: 400;\">En el a\u00f1o 2000 co-fund\u00f3 el proyecto multidisciplinario<strong> LUMINICO <\/strong><\/span><span style=\"font-weight: 400;\">para flauta solista, video en tiempo real y m\u00fasica electroac\u00fastica. Escuer ha generado todo un nuevo repertorio para su instrumento que antes no exist\u00eda, estrenado m\u00e1s de 250 obras dedicadas a \u00e9l para flauta sola, flauta con electr\u00f3nica, con piano, con guitarra, con ensamble, con percusiones incluyendo ocho conciertos para flauta y orquesta dedicados a \u00e9l con las principales orquestas del pa\u00eds. Entre los premios y reconocimientos destacan:<em> The<\/em> <em>National Association of Latino Arts and Cultures Award <\/em>2012, Creador Esc\u00e9nico con Trayectoria 2010-13 (FONCA), Proyectos de Coinversiones, tres becas como int\u00e9rprete, incluyendo <em>Rockefeller Foundation-Bancomer-FONCA, <\/em>ganador en m\u00faltiples ocasiones del permio M\u00e9xico en Escena, tambi\u00e9n recibi\u00f3 una beca <em>Fulbright<\/em> Garc\u00eda Robles 2008 para la composici\u00f3n de cuatro obras durante estancia postdoctoral en la Universidad de Columbia e Indiana, adem\u00e1s del primer premio <em>del Independent Music Awards<\/em>\u00a0 por mejor \u00e1lbum de m\u00fasica cl\u00e1sica contempor\u00e1nea 2014. Escuer ha ganado todos sus concursos de oposici\u00f3n como profesor titular definitivo en la Universidad Nacional Aut\u00f3noma de M\u00e9xico (UNAM) Facultad de M\u00fasica y da cursos y conferencias alrededor del mundo. Como compositor, Escuer se ha destacado en la creaci\u00f3n de obras electroac\u00fasticas y ha sido miembro del Sistema Nacional de Creadores de Arte (SNCA). <\/span><span style=\"font-weight: 400;\"><span>Alejandro Escuer realiz\u00f3 sus estudios de doctorado en la Universidad de Nueva York donde obtuvo <\/span><\/span><em style=\"font-weight: 400;\"><span>P.h. D. Doctor of Philosophy in Music<\/span><\/em><span style=\"font-weight: 400;\"> con especialidad en interpretaci\u00f3n (flauta), composici\u00f3n e improvisaci\u00f3n musical<strong><em>. <\/em><\/strong><\/span><span style=\"font-weight: 400;\"><span>Sus estudios de maestr\u00eda los realiz\u00f3 en el Sweelinck Conservatorium Amsterdam Holanda: <\/span><\/span><em style=\"font-weight: 400;\"><span>Uitvoerend Musicus. <\/span><\/em><span style=\"font-weight: 400;\"><span>Adem\u00e1s realiz\u00f3 sus estudios a nivel licenciatura en el Conservatorio Nacional de M\u00fasica. <\/span><\/span><\/p>\n<p><span style=\"color: #ffffff;\"><strong><a href=\"http:\/\/www.alejandroescuer.com\/\" style=\"font-weight: 400; color: #ffffff;\">www.alejandroescuer.com<\/a><\/strong><\/span><\/p>\n<p>[\/et_pb_text][\/et_pb_column][et_pb_column type=&#8221;1_2&#8243; _builder_version=&#8221;4.16&#8243; _module_preset=&#8221;default&#8221; global_colors_info=&#8221;{}&#8221;][\/et_pb_column][\/et_pb_row][\/et_pb_section][et_pb_section fb_built=&#8221;1&#8243; _builder_version=&#8221;4.18.0&#8243; _module_preset=&#8221;default&#8221; background_image=&#8221;https:\/\/luminico.org\/wp-content\/uploads\/2020\/11\/DSC02526-foto-Guido-Limardo-scaled.jpg&#8221; global_colors_info=&#8221;{}&#8221;][et_pb_row column_structure=&#8221;1_2,1_2&#8243; _builder_version=&#8221;4.18.0&#8243; _module_preset=&#8221;default&#8221; width=&#8221;100%&#8221; max_width=&#8221;2098px&#8221; custom_padding=&#8221;196px||196px||true|&#8221; global_colors_info=&#8221;{}&#8221;][et_pb_column type=&#8221;1_2&#8243; _builder_version=&#8221;4.18.0&#8243; _module_preset=&#8221;default&#8221; global_colors_info=&#8221;{}&#8221;][et_pb_text _builder_version=&#8221;4.18.0&#8243; _module_preset=&#8221;default&#8221; text_text_color=&#8221;#ffffff&#8221; text_font_size=&#8221;18px&#8221; header_font=&#8221;|800||on|||||&#8221; header_text_color=&#8221;#ffffff&#8221; background_color=&#8221;#000000&#8243; width=&#8221;65%&#8221; width_tablet=&#8221;&#8221; width_phone=&#8221;80%&#8221; width_last_edited=&#8221;on|phone&#8221; module_alignment=&#8221;center&#8221; custom_margin=&#8221;||2px|||&#8221; custom_padding=&#8221;20px|20px|20px|20px|true|true&#8221; global_colors_info=&#8221;{}&#8221;]<\/p>\n<h1 class=\"p1\" style=\"text-align: center;\">Rodrigo Sigal<\/h1>\n<p class=\"p1\" style=\"text-align: center;\">Electr\u00f3nica y difusi\u00f3n sonora<\/p>\n<p align=\"justify\"><strong class=\"\"><span lang=\"ES\" class=\"\">Jorge Rodrigo Sigal Sefchovich<\/span><\/strong><span lang=\"ES\" class=\"\"> <\/span><span lang=\"ES\" class=\"\">(Ciudad de M\u00e9xico &#8211; 1971) es compositor y gestor cultural, as\u00ed como profesor titular de tiempo completo en la Escuela Nacional de Estudios Superiores, Morelia de la Universidad Nacional Aut\u00f3noma de M\u00e9xico, en donde es coordinador de la Licenciatura en M\u00fasica y Tecnolog\u00eda Art\u00edstica (<\/span><span style=\"color: #ffffff;\"><strong><a href=\"http:\/\/www.enesmorelia.unam.mx\/directorio\/dr-jorge-rodrigo-sigal-sefchovich\/\" target=\"_blank\" class=\"\" rel=\"noopener\" style=\"color: #ffffff;\"><span lang=\"ES\" class=\"\">www.enesmorelia.org<\/span><\/a><\/strong><\/span><span lang=\"ES\" class=\"\">). Est\u00e1 interesado en el trabajo con nuevas tecnolog\u00edas especialmente en el \u00e1mbito de la m\u00fasica electroac\u00fastica. Desde 2006 es el director y fundador del Centro Mexicano para la M\u00fasica y las Artes Sonoras <\/span><span style=\"color: #ffffff;\"><strong><a href=\"www.cmmas.org\" target=\"_blank\" class=\"\" rel=\"noopener\" style=\"color: #ffffff;\"><span lang=\"ES\" class=\"\">CMMAS<\/span><\/a><\/strong><\/span><span lang=\"ES\" class=\"\">\u00a0desde donde coordina diversas iniciativas de creaci\u00f3n, educaci\u00f3n, investigaci\u00f3n y gesti\u00f3n cultural relacionadas con el sonido y la m\u00fasica. Obtuvo un doctorado en City University de Londres y un posdoctorado en la UNAM, as\u00ed como un diploma en gesti\u00f3n cultural de la UAM-BID y ha continuado sus estudios y proyectos creativos con diversas becas y apoyo de instituciones como FONCA (miembro del SNCA 2011-18) y la Fundaci\u00f3n DeVos de gesti\u00f3n cultural, entre otros. Es candidato a investigador del Sistema Nacional de Investigadores del Conacyt y desde hace m\u00e1s de 20 a\u00f1os es parte del proyecto Lum\u00ednico<\/span><span lang=\"ES\" class=\"\">, director del festival <span style=\"color: #ffffff;\"><a href=\"www.visionessonoras.org\" style=\"color: #ffffff;\"><strong>Visiones Sonoras<\/strong><\/a><\/span><\/span><span lang=\"ES\" class=\"\">\u00a0y editor de la revista <span style=\"color: #ffffff;\"><a href=\"www.sonicideas.org\" style=\"color: #ffffff;\"><strong>Ideas S\u00f3nicas<\/strong><\/a><\/span><\/span><span lang=\"ES\" class=\"\">.<\/span><\/p>\n<p>[\/et_pb_text][\/et_pb_column][et_pb_column type=&#8221;1_2&#8243; _builder_version=&#8221;4.18.0&#8243; _module_preset=&#8221;default&#8221; global_colors_info=&#8221;{}&#8221;][\/et_pb_column][\/et_pb_row][\/et_pb_section][et_pb_section fb_built=&#8221;1&#8243; _builder_version=&#8221;4.17.6&#8243; _module_preset=&#8221;default&#8221; background_color=&#8221;#000000&#8243; background_image=&#8221;https:\/\/luminico.org\/wp-content\/uploads\/2020\/12\/Screen-Shot-2020-12-01-at-19.30.36.png&#8221; global_colors_info=&#8221;{}&#8221;][et_pb_row _builder_version=&#8221;4.17.6&#8243; _module_preset=&#8221;default&#8221; background_color=&#8221;rgba(0,0,0,0.76)&#8221; global_colors_info=&#8221;{}&#8221;][et_pb_column type=&#8221;4_4&#8243; _builder_version=&#8221;4.16&#8243; _module_preset=&#8221;default&#8221; global_colors_info=&#8221;{}&#8221;][et_pb_text _builder_version=&#8221;4.17.4&#8243; _module_preset=&#8221;default&#8221; text_text_color=&#8221;#ffffff&#8221; text_font_size=&#8221;18px&#8221; text_line_height=&#8221;3em&#8221; header_font=&#8221;|800||on|||||&#8221; header_text_color=&#8221;#ffffff&#8221; header_font_size=&#8221;40px&#8221; header_line_height=&#8221;3em&#8221; width_tablet=&#8221;&#8221; width_phone=&#8221;100%&#8221; width_last_edited=&#8221;on|phone&#8221; custom_padding=&#8221;32px|100px|32px|100px|true|true&#8221; custom_padding_tablet=&#8221;&#8221; custom_padding_phone=&#8221;32px|0px|32px|0px|true|true&#8221; custom_padding_last_edited=&#8221;on|phone&#8221; header_font_size_tablet=&#8221;&#8221; header_font_size_phone=&#8221;25px&#8221; header_font_size_last_edited=&#8221;on|phone&#8221; border_width_bottom=&#8221;2px&#8221; border_color_bottom=&#8221;gcid-1734d3da-4e88-45e3-808c-4ee86ab5590e&#8221; global_colors_info=&#8221;{%22gcid-1734d3da-4e88-45e3-808c-4ee86ab5590e%22:%91%22border_color_bottom%22%93}&#8221;]<\/p>\n<h1 class=\"p1\" style=\"text-align: center;\">Artistas Invitados<\/h1>\n<div dir=\"auto\" class=\"\" style=\"text-align: center;\"><span class=\"\" style=\"font-family: Arial; font-size: medium;\">Gabriela Ortiz (M\u00e9xico)<\/span><\/div>\n<div dir=\"auto\" class=\"\" style=\"text-align: center;\"><span class=\"\" style=\"font-family: Arial; font-size: medium;\">Jorge\u00a0Verdin \u00a0(M\u00e9xico)<\/span><\/div>\n<div dir=\"auto\" class=\"\" style=\"text-align: center;\"><span class=\"\" style=\"font-family: Arial; font-size: medium;\">Alejandro Vi\u00f1ao (Argentina)<\/span><\/div>\n<div dir=\"auto\" class=\"\" style=\"text-align: center;\"><span class=\"\" style=\"font-size: medium;\">Felipe P\u00e9rez Santiago (M\u00e9xico)<\/span><\/div>\n<div dir=\"auto\" class=\"\" style=\"text-align: center;\"><span class=\"\" style=\"font-family: Arial; font-size: medium; color: #ffffff;\">Sebasti\u00e1n Torrella (Argentina)<\/span><\/div>\n<div dir=\"auto\" class=\"\" style=\"text-align: center;\"><span class=\"\" style=\"font-family: Arial; font-size: medium;\">Jose Luis Garc\u00eda Nava (M\u00e9xico)<\/span><\/div>\n<div dir=\"auto\" class=\"\" style=\"text-align: center;\"><span class=\"\" style=\"font-family: Arial; font-size: medium;\">M\u00f3nica Escuer (M\u00e9xico)<\/span><\/div>\n<div dir=\"auto\" class=\"\" style=\"text-align: center;\"><span class=\"\" style=\"font-family: Arial; font-size: medium;\">Patxi Araujo (Espa\u00f1a)<\/span><\/div>\n<div dir=\"auto\" class=\"\" style=\"text-align: center;\"><span class=\"\" style=\"font-family: Arial; font-size: medium;\">Fredy Vallejos (Colombia)<\/span><\/div>\n<div dir=\"auto\" class=\"\" style=\"text-align: center;\"><span class=\"\" style=\"font-family: Arial; font-size: medium;\">Gonzalo Mac\u00edas (M\u00e9xico)<\/span><\/div>\n<div dir=\"auto\" class=\"\" style=\"text-align: center;\"><span class=\"\" style=\"font-family: Arial; font-size: medium;\">Mirtru Escalona (Venezuela)<\/span><\/div>\n<div dir=\"auto\" class=\"\" style=\"text-align: center;\"><span class=\"\" style=\"font-family: Arial; font-size: medium;\">Miyuki Ito (Jap\u00f3n)<\/span><\/div>\n<p>[\/et_pb_text][\/et_pb_column][\/et_pb_row][\/et_pb_section]<\/p>\n","protected":false},"excerpt":{"rendered":"<p>ALEJANDRO ESCUER Flautas y Alientos Alejandro Escuer es flautista solista, compositor y artista multidisciplinario que ha posicionado la m\u00fasica contempor\u00e1nea de su pa\u00eds en M\u00e9xico y el extranjero a trav\u00e9s de una intensa labor docente y concert\u00edstica, grabando m\u00e1s de 25 discos compactos (dos con nominaci\u00f3n al Grammy Latino), fundando la Academia de M\u00fasica Contempor\u00e1nea [&hellip;]<\/p>\n","protected":false},"author":2,"featured_media":0,"parent":0,"menu_order":0,"comment_status":"closed","ping_status":"closed","template":"","meta":{"nf_dc_page":"","_et_pb_use_builder":"on","_et_pb_old_content":"<!-- wp:code -->\n<pre class=\"wp-block-code\"><code><\/code><\/pre>\n<!-- \/wp:code -->","_et_gb_content_width":"","om_disable_all_campaigns":false,"_monsterinsights_skip_tracking":false,"_monsterinsights_sitenote_active":false,"_monsterinsights_sitenote_note":"","_monsterinsights_sitenote_category":0,"footnotes":""},"class_list":["post-98","page","type-page","status-publish","hentry"],"jetpack_sharing_enabled":true,"_links":{"self":[{"href":"https:\/\/luminico.org\/en\/wp-json\/wp\/v2\/pages\/98","targetHints":{"allow":["GET"]}}],"collection":[{"href":"https:\/\/luminico.org\/en\/wp-json\/wp\/v2\/pages"}],"about":[{"href":"https:\/\/luminico.org\/en\/wp-json\/wp\/v2\/types\/page"}],"author":[{"embeddable":true,"href":"https:\/\/luminico.org\/en\/wp-json\/wp\/v2\/users\/2"}],"replies":[{"embeddable":true,"href":"https:\/\/luminico.org\/en\/wp-json\/wp\/v2\/comments?post=98"}],"version-history":[{"count":5,"href":"https:\/\/luminico.org\/en\/wp-json\/wp\/v2\/pages\/98\/revisions"}],"predecessor-version":[{"id":410,"href":"https:\/\/luminico.org\/en\/wp-json\/wp\/v2\/pages\/98\/revisions\/410"}],"wp:attachment":[{"href":"https:\/\/luminico.org\/en\/wp-json\/wp\/v2\/media?parent=98"}],"curies":[{"name":"wp","href":"https:\/\/api.w.org\/{rel}","templated":true}]}}